{"id":33853,"date":"2025-01-08T13:29:18","date_gmt":"2025-01-08T13:29:18","guid":{"rendered":"https:\/\/www.emaze.com\/?page_id=33853"},"modified":"2025-01-09T11:12:07","modified_gmt":"2025-01-09T11:12:07","slug":"trust-center","status":"publish","type":"page","link":"https:\/\/www.emaze.com\/fr\/centre-de-confiance\/","title":{"rendered":"Centre de confiance \u2013 S\u00e9curit\u00e9, confidentialit\u00e9 et conformit\u00e9"},"content":{"rendered":"<div data-elementor-type=\"wp-page\" data-elementor-id=\"33853\" class=\"elementor elementor-33853\" data-elementor-post-type=\"page\">\n\t\t\t\t<div class=\"elementor-element elementor-element-197a3a6 e-flex e-con-boxed e-con e-parent\" data-id=\"197a3a6\" data-element_type=\"container\">\n\t\t\t\t\t<div class=\"e-con-inner\">\n\t\t\t\t<div class=\"elementor-element elementor-element-a3b371e elementor-widget elementor-widget-html\" data-id=\"a3b371e\" data-element_type=\"widget\" data-widget_type=\"html.default\">\n\t\t\t\t<div class=\"elementor-widget-container\">\n\t\t\t\n<!DOCTYPE html>\n<html lang=\"en\">\n<head>\n    <meta charset=\"UTF-8\">\n    <meta name=\"viewport\" content=\"width=device-width, initial-scale=1.0\">\n    <title>Int\u00e9grer le centre de confiance<\/title>\n<\/head>\n<body>\n    <h1><\/h1>\n    <embed src=\"https:\/\/emaze.trustcenter.scytale.ai\/\" type=\"application\/pdf\" width=\"100%\" height=\"2500px\" \/>\n<\/body>\n<\/html>\n\t\t<\/div>\n\t\t\t\t<\/div>\n\t\t\t\t\t<\/div>\n\t\t\t\t<\/div>\n\t\t\t\t<\/div>","protected":false},"excerpt":{"rendered":"<p>Int\u00e9grer le centre de confiance<\/p>","protected":false},"author":2,"featured_media":0,"parent":0,"menu_order":0,"comment_status":"closed","ping_status":"closed","template":"","meta":{"footnotes":""},"class_list":["post-33853","page","type-page","status-publish","hentry"],"_links":{"self":[{"href":"https:\/\/www.emaze.com\/fr\/wp-json\/wp\/v2\/pages\/33853","targetHints":{"allow":["GET"]}}],"collection":[{"href":"https:\/\/www.emaze.com\/fr\/wp-json\/wp\/v2\/pages"}],"about":[{"href":"https:\/\/www.emaze.com\/fr\/wp-json\/wp\/v2\/types\/page"}],"author":[{"embeddable":true,"href":"https:\/\/www.emaze.com\/fr\/wp-json\/wp\/v2\/users\/2"}],"replies":[{"embeddable":true,"href":"https:\/\/www.emaze.com\/fr\/wp-json\/wp\/v2\/comments?post=33853"}],"version-history":[{"count":11,"href":"https:\/\/www.emaze.com\/fr\/wp-json\/wp\/v2\/pages\/33853\/revisions"}],"predecessor-version":[{"id":33866,"href":"https:\/\/www.emaze.com\/fr\/wp-json\/wp\/v2\/pages\/33853\/revisions\/33866"}],"wp:attachment":[{"href":"https:\/\/www.emaze.com\/fr\/wp-json\/wp\/v2\/media?parent=33853"}],"curies":[{"name":"wp","href":"https:\/\/api.w.org\/{rel}","templated":true}]}}